{"id":706,"date":"2019-11-29T13:25:30","date_gmt":"2019-11-29T12:25:30","guid":{"rendered":"http:\/\/s355038028.online.de\/?page_id=706"},"modified":"2024-11-25T17:31:17","modified_gmt":"2024-11-25T16:31:17","slug":"unsere-standarte","status":"publish","type":"page","link":"https:\/\/gau-krumbach.de\/?page_id=706","title":{"rendered":"Unsere Standarte"},"content":{"rendered":"\n<p class=\"has-medium-font-size\">Im Jahre 2011 wurde f\u00fcr den Gau eine Standarte angeschafft. Die Vorderseite zeigt unseren Schutzpatron, den Hl. Sebastian. Auf der anderen Seite unser Gau-Wappen. Zentral das Wappen des Altlandkreises Krumbach, dessen Gebiet der Gau Krumbach einnimmt. Dieses Wappen ist politisch nicht mehr aktiv und somit f\u00fcr unseren Gau explizit freigegeben worden. <\/p>\n\n\n\n<p class=\"has-medium-font-size\"> Zur Finanzierung wurden wir von den Vereinen und Sponsoren unterst\u00fctzt. &nbsp;&nbsp;&nbsp;<\/p>\n\n\n\n<p class=\"has-medium-font-size\"><strong> Unsere Standarte<\/strong> sie begleitet uns bei vielen Anl\u00e4ssen. Bei Bezirks- und Landessch\u00fctzentagen repr\u00e4sentiert sie unseren Gau ebenso, wie bei Umz\u00fcgen, Beerdigungen und sonstigen festlichen Anl\u00e4ssen. &nbsp; &nbsp; &nbsp;&nbsp; <\/p>\n\n\n\n<div class=\"wp-block-group\"><div class=\"wp-block-group__inner-container\">\n<div class=\"wp-block-group\"><div class=\"wp-block-group__inner-container\">\n<div class=\"wp-block-group\"><div class=\"wp-block-group__inner-container\">\n<div class=\"wp-block-group\"><div class=\"wp-block-group__inner-container\">\n<div class=\"wp-block-columns\">\n<div class=\"wp-block-column\">\n<figure class=\"wp-block-image size-large\"><img loading=\"lazy\" width=\"683\" height=\"1024\" src=\"http:\/\/s355038028.online.de\/wp-content\/uploads\/2019\/11\/IMG_0042-683x1024.jpg\" alt=\"\" class=\"wp-image-492\" srcset=\"https:\/\/gau-krumbach.de\/wp-content\/uploads\/2019\/11\/IMG_0042-683x1024.jpg 683w, https:\/\/gau-krumbach.de\/wp-content\/uploads\/2019\/11\/IMG_0042-200x300.jpg 200w, https:\/\/gau-krumbach.de\/wp-content\/uploads\/2019\/11\/IMG_0042-768x1152.jpg 768w, https:\/\/gau-krumbach.de\/wp-content\/uploads\/2019\/11\/IMG_0042-1024x1536.jpg 1024w, https:\/\/gau-krumbach.de\/wp-content\/uploads\/2019\/11\/IMG_0042-1365x2048.jpg 1365w, https:\/\/gau-krumbach.de\/wp-content\/uploads\/2019\/11\/IMG_0042-scaled.jpg 1707w\" sizes=\"(max-width: 683px) 100vw, 683px\" \/><\/figure>\n<\/div>\n\n\n\n<div class=\"wp-block-column\">\n<figure class=\"wp-block-image size-large\"><\/figure>\n<\/div>\n<\/div>\n<\/div><\/div>\n<\/div><\/div>\n<\/div><\/div>\n\n\n\n<div class=\"wp-block-group\"><div class=\"wp-block-group__inner-container\"><\/div><\/div>\n<\/div><\/div>\n\n\n\n<p class=\"has-medium-font-size\"><strong>Der Sch\u00fctzengau Krumbach bedankt sich bei allen G\u00f6nnern und Spendern, die dazu beigetragen haben, dass die Standarte realisiert werden konnte.<\/strong> &nbsp; <\/p>\n\n\n\n<div class=\"wp-block-group\"><div class=\"wp-block-group__inner-container\">\n<p>Sparkasse G\u00fcnzburg-Krumbach  Raiffeisenbank Krumbach  Volksbank G\u00fcnzburg  Raiffeisenbank Thannhausen W\u00fcrttembergische Versicherung,  Ernst Berchtold &#8211;  Pinoil-Tankstelle,  Schlossbrauerei Autenried, &nbsp; Kusterer Anton, Kreuzer Ludwig,  Konrad Helmut,  Weber Peter, &nbsp;Burgsch\u00fctzen Neuburg,  SV Nattenhausen,  SV Memmenhausen,&nbsp; SV Breitenthal, SV Winzer,  SB Krumbach,  WTC Thannhausen,  SV Balzhausen,  SV Ebershausen,  DRW Ursberg,&nbsp; SV Burg, SV M\u00fcnsterhausen, SV Billenhausen &nbsp; &nbsp;<\/p>\n\n\n\n<p style=\"text-align: center;\"><strong>Spenderliste f\u00fcr das Trauerband<\/strong>&nbsp; (Ehrenmitglieder des Gaues Krumbach)<\/p>\n<p style=\"text-align: center;\">Kusterer Anton&nbsp; &nbsp; Weber Peter<\/p>\n<p style=\"text-align: center;\">Merk Doris&nbsp; &nbsp; Scholl Fritz<\/p>\n<p style=\"text-align: center;\">Reisch Josef &nbsp; <br><br><\/p>\n<p><br><br><br><br><br><br><br><br><br><br><br><br>&nbsp;<br><br>&nbsp;&nbsp; <br>&nbsp;<br><br><br>&nbsp;<br>&nbsp;<br>&nbsp;<br><br>&nbsp; <br><br><br><br><br><br><br><br><br>&nbsp; &nbsp; &nbsp; &nbsp; &nbsp; &nbsp; &nbsp; &nbsp; &nbsp; &nbsp; &nbsp;<br><br><br>&nbsp;Copyright&nbsp;&nbsp; Gau Krumbach, 2013<br><br><em> Deine IP: <strong>93.255.33.165<\/strong><\/em> <br><br><br><br><br><br><br><br><br><br><br><br><br><br><br><br><br><br><br><br><br><br><br><\/p>\n<\/div><\/div>\n","protected":false},"excerpt":{"rendered":"<p>Im Jahre 2011 wurde f\u00fcr den Gau eine Standarte angeschafft. Die Vorderseite zeigt unseren Schutzpatron, den Hl. Sebastian. Auf der anderen Seite unser Gau-Wappen. Zentral das Wappen des Altlandkreises Krumbach, dessen Gebiet der Gau&#46;&#46;&#46;<\/p>\n","protected":false},"author":1,"featured_media":0,"parent":0,"menu_order":0,"comment_status":"closed","ping_status":"closed","template":"","meta":[],"_links":{"self":[{"href":"https:\/\/gau-krumbach.de\/index.php?rest_route=\/wp\/v2\/pages\/706"}],"collection":[{"href":"https:\/\/gau-krumbach.de\/index.php?rest_route=\/wp\/v2\/pages"}],"about":[{"href":"https:\/\/gau-krumbach.de\/index.php?rest_route=\/wp\/v2\/types\/page"}],"author":[{"embeddable":true,"href":"https:\/\/gau-krumbach.de\/index.php?rest_route=\/wp\/v2\/users\/1"}],"replies":[{"embeddable":true,"href":"https:\/\/gau-krumbach.de\/index.php?rest_route=%2Fwp%2Fv2%2Fcomments&post=706"}],"version-history":[{"count":8,"href":"https:\/\/gau-krumbach.de\/index.php?rest_route=\/wp\/v2\/pages\/706\/revisions"}],"predecessor-version":[{"id":1789,"href":"https:\/\/gau-krumbach.de\/index.php?rest_route=\/wp\/v2\/pages\/706\/revisions\/1789"}],"wp:attachment":[{"href":"https:\/\/gau-krumbach.de\/index.php?rest_route=%2Fwp%2Fv2%2Fmedia&parent=706"}],"curies":[{"name":"wp","href":"https:\/\/api.w.org\/{rel}","templated":true}]}}