{"id":691,"date":"2019-11-29T11:25:53","date_gmt":"2019-11-29T10:25:53","guid":{"rendered":"http:\/\/s355038028.online.de\/?page_id=691"},"modified":"2025-11-01T14:41:06","modified_gmt":"2025-11-01T13:41:06","slug":"aktuelles","status":"publish","type":"page","link":"https:\/\/gau-krumbach.de\/?page_id=691","title":{"rendered":"Aktuelles"},"content":{"rendered":"\n<figure class=\"wp-block-image is-resized\"><img loading=\"lazy\" src=\"http:\/\/s355038028.online.de\/wp-content\/uploads\/2019\/11\/Logo_Gausch\u00fctzen_Krumbach-1024x1024.jpg\" alt=\"\" class=\"wp-image-23\" width=\"175\" height=\"175\" srcset=\"https:\/\/gau-krumbach.de\/wp-content\/uploads\/2019\/11\/Logo_Gausch\u00fctzen_Krumbach-1024x1024.jpg 1024w, https:\/\/gau-krumbach.de\/wp-content\/uploads\/2019\/11\/Logo_Gausch\u00fctzen_Krumbach-150x150.jpg 150w, https:\/\/gau-krumbach.de\/wp-content\/uploads\/2019\/11\/Logo_Gausch\u00fctzen_Krumbach-300x300.jpg 300w, https:\/\/gau-krumbach.de\/wp-content\/uploads\/2019\/11\/Logo_Gausch\u00fctzen_Krumbach-768x768.jpg 768w, https:\/\/gau-krumbach.de\/wp-content\/uploads\/2019\/11\/Logo_Gausch\u00fctzen_Krumbach-160x160.jpg 160w, https:\/\/gau-krumbach.de\/wp-content\/uploads\/2019\/11\/Logo_Gausch\u00fctzen_Krumbach-320x320.jpg 320w\" sizes=\"(max-width: 175px) 100vw, 175px\" \/><\/figure>\n\n\n\n<p><strong>Aktuelles\/ Neuigkeiten<\/strong><\/p>\n\n\n\n<p class=\"has-vivid-red-color has-text-color\">Waffen und Ausr\u00fcstung aus Nachlass zu verkaufen<\/p>\n\n\n\n<p><a href=\"https:\/\/gau-krumbach.de\/wp-content\/uploads\/Waffenverkauf-Weber.pdf\">Angebot<\/a><\/p>\n\n\n\n<p><\/p>\n\n\n\n<p><\/p>\n\n\n\n<p><\/p>\n\n\n\n<p><\/p>\n\n\n\n<p><a href=\"https:\/\/gau-krumbach.de\/wp-content\/uploads\/Johannes-Mayer-Landesvizekoenig-2023-scaled.jpg\">Landesvizesch\u00fctzenk\u00f6nig<\/a><\/p>\n\n\n\n<p><\/p>\n\n\n\n<p><\/p>\n\n\n\n<p><\/p>\n\n\n\n<blockquote class=\"wp-block-quote\"><p><strong>Wichtige Information und Formbl\u00e4tter zur Europ\u00e4ischen  Datenschutzregelung sind bei \u201cDownloads\u201d und auf der Seite   des BSSB zu  finden<\/strong><\/p><p>Der Bayerische Sportsch\u00fctzenbund hat seit Mai 2018 einen <strong>neuen Datenschutzbeauftragten<\/strong>,  Herrn Herbert Isdebski. Er ist unter datenschutz@bssb.de erreichbar.  Die vollst\u00e4ndigen Kontaktdaten finden Sie auf unserer Homepage.<br>Als Hilfestellung f\u00fcr unsere Mitglieder bieten wir ab Donnerstag,07.06.2018, eine <strong>w\u00f6chentliche Sprechstunde<\/strong>  mit unserem Datenschutzbeauftragten an. Herr Isdebski beantwortet dann  jeden Donnerstag von 16.00 bis 18.00 Uhr die Fragen unserer Mitglieder  am Telefon. Einzelheiten hierzu und die Kontaktdaten finden Sie in der  n\u00e4chsten Ausgabe der Bayerischen Sch\u00fctzenzeitung.<\/p><p> <\/p><\/blockquote>\n","protected":false},"excerpt":{"rendered":"<p>Aktuelles\/ Neuigkeiten Waffen und Ausr\u00fcstung aus Nachlass zu verkaufen Angebot Landesvizesch\u00fctzenk\u00f6nig Wichtige Information und Formbl\u00e4tter zur Europ\u00e4ischen Datenschutzregelung sind bei \u201cDownloads\u201d und auf der Seite des BSSB zu finden Der Bayerische Sportsch\u00fctzenbund hat seit&#46;&#46;&#46;<\/p>\n","protected":false},"author":1,"featured_media":0,"parent":0,"menu_order":0,"comment_status":"closed","ping_status":"closed","template":"","meta":[],"_links":{"self":[{"href":"https:\/\/gau-krumbach.de\/index.php?rest_route=\/wp\/v2\/pages\/691"}],"collection":[{"href":"https:\/\/gau-krumbach.de\/index.php?rest_route=\/wp\/v2\/pages"}],"about":[{"href":"https:\/\/gau-krumbach.de\/index.php?rest_route=\/wp\/v2\/types\/page"}],"author":[{"embeddable":true,"href":"https:\/\/gau-krumbach.de\/index.php?rest_route=\/wp\/v2\/users\/1"}],"replies":[{"embeddable":true,"href":"https:\/\/gau-krumbach.de\/index.php?rest_route=%2Fwp%2Fv2%2Fcomments&post=691"}],"version-history":[{"count":9,"href":"https:\/\/gau-krumbach.de\/index.php?rest_route=\/wp\/v2\/pages\/691\/revisions"}],"predecessor-version":[{"id":2152,"href":"https:\/\/gau-krumbach.de\/index.php?rest_route=\/wp\/v2\/pages\/691\/revisions\/2152"}],"wp:attachment":[{"href":"https:\/\/gau-krumbach.de\/index.php?rest_route=%2Fwp%2Fv2%2Fmedia&parent=691"}],"curies":[{"name":"wp","href":"https:\/\/api.w.org\/{rel}","templated":true}]}}