{"id":515,"date":"2019-11-22T12:15:37","date_gmt":"2019-11-22T11:15:37","guid":{"rendered":"http:\/\/s355038028.online.de\/?page_id=515"},"modified":"2024-02-10T11:16:36","modified_gmt":"2024-02-10T10:16:36","slug":"gauschiessen-2","status":"publish","type":"page","link":"https:\/\/gau-krumbach.de\/?page_id=515","title":{"rendered":"Gauschie\u00dfen"},"content":{"rendered":"\n<p><a href=\"https:\/\/gau-krumbach.de\/wp-content\/uploads\/Meistbeteiligung-5.pdf\">Meistbeteiligung 2023<\/a><\/p>\n\n\n\n<p><a href=\"https:\/\/gau-krumbach.de\/wp-content\/uploads\/Festscheibe-allgemein-5.pdf\">Festscheibe 2023<\/a><\/p>\n\n\n\n<p><a href=\"https:\/\/gau-krumbach.de\/wp-content\/uploads\/Festscheibe-2023.pdf\">Festscheibe Gesamt 2023<\/a><\/p>\n\n\n\n<p><a href=\"https:\/\/gau-krumbach.de\/wp-content\/uploads\/Festscheibe-Auflage-2023.pdf\">Festscheibe Auflage 2023<\/a><\/p>\n\n\n\n<p><a href=\"https:\/\/gau-krumbach.de\/wp-content\/uploads\/Gaujugendkoenig-2023.pdf\">Gau-Jugendk\u00f6nig 2023<\/a><\/p>\n\n\n\n<p><a href=\"https:\/\/gau-krumbach.de\/wp-content\/uploads\/Gaudamenkoenigin-2023.pdf\" data-type=\"URL\" data-id=\"https:\/\/gau-krumbach.de\/wp-content\/uploads\/Gaudamenkoenigin-2023.pdf\">Gau-Damenk\u00f6nigin 2023<\/a><\/p>\n\n\n\n<p><a href=\"https:\/\/gau-krumbach.de\/wp-content\/uploads\/Gauschuetzenkoenig-2023.pdf\" data-type=\"URL\" data-id=\"https:\/\/gau-krumbach.de\/wp-content\/uploads\/Gauschuetzenkoenig-2023.pdf\">Gau-Sch\u00fctzenk\u00f6nig 2023<\/a><\/p>\n\n\n\n<p><a href=\"https:\/\/gau-krumbach.de\/wp-content\/uploads\/Gauauflagekoenig-2023.pdf\">Gau-Auflagek\u00f6nig 2023<\/a><\/p>\n","protected":false},"excerpt":{"rendered":"<p>Meistbeteiligung 2023 Festscheibe 2023 Festscheibe Gesamt 2023 Festscheibe Auflage 2023 Gau-Jugendk\u00f6nig 2023 Gau-Damenk\u00f6nigin 2023 Gau-Sch\u00fctzenk\u00f6nig 2023 Gau-Auflagek\u00f6nig 2023<\/p>\n","protected":false},"author":1,"featured_media":0,"parent":0,"menu_order":0,"comment_status":"closed","ping_status":"closed","template":"","meta":[],"_links":{"self":[{"href":"https:\/\/gau-krumbach.de\/index.php?rest_route=\/wp\/v2\/pages\/515"}],"collection":[{"href":"https:\/\/gau-krumbach.de\/index.php?rest_route=\/wp\/v2\/pages"}],"about":[{"href":"https:\/\/gau-krumbach.de\/index.php?rest_route=\/wp\/v2\/types\/page"}],"author":[{"embeddable":true,"href":"https:\/\/gau-krumbach.de\/index.php?rest_route=\/wp\/v2\/users\/1"}],"replies":[{"embeddable":true,"href":"https:\/\/gau-krumbach.de\/index.php?rest_route=%2Fwp%2Fv2%2Fcomments&post=515"}],"version-history":[{"count":2,"href":"https:\/\/gau-krumbach.de\/index.php?rest_route=\/wp\/v2\/pages\/515\/revisions"}],"predecessor-version":[{"id":1599,"href":"https:\/\/gau-krumbach.de\/index.php?rest_route=\/wp\/v2\/pages\/515\/revisions\/1599"}],"wp:attachment":[{"href":"https:\/\/gau-krumbach.de\/index.php?rest_route=%2Fwp%2Fv2%2Fmedia&parent=515"}],"curies":[{"name":"wp","href":"https:\/\/api.w.org\/{rel}","templated":true}]}}