{"id":318,"date":"2019-11-19T10:18:40","date_gmt":"2019-11-19T09:18:40","guid":{"rendered":"http:\/\/s355038028.online.de\/?page_id=318"},"modified":"2026-03-13T10:07:16","modified_gmt":"2026-03-13T09:07:16","slug":"termine","status":"publish","type":"page","link":"https:\/\/gau-krumbach.de\/?page_id=318","title":{"rendered":"Termine"},"content":{"rendered":"<h1 style=\"text-align: right;\"><strong>Termine 2025\/2026<\/strong><\/h1>\n<table class=\" alignleft\" style=\"height: 938px; width: 100%; border-collapse: collapse; border-color: #080707; border-style: solid;\">\n<tbody>\n<tr style=\"height: 23px;\">\n<td style=\"width: 11.8896%; border-style: solid; border-color: #000000; height: 43px;\"><strong>von<\/strong><\/td>\n<td style=\"width: 9.65207%; border-style: solid; border-color: #000000; height: 43px;\"><strong>bis<\/strong><\/td>\n<td style=\"width: 47.8479%; border-style: solid; border-color: #000000; height: 43px;\"><strong>Veranstaltung<\/strong><\/td>\n<td style=\"width: 30.6104%; border-style: solid; border-color: #000000; height: 43px;\"><strong>Ort<\/strong><\/td>\n<td style=\"width: 8.75%; height: 43px;\">\u00a0<\/td>\n<td style=\"width: 7.60417%; height: 43px;\">\u00a0<\/td>\n<td style=\"width: 1.875%; height: 43px;\">\u00a0<\/td>\n<\/tr>\n<tr style=\"height: 23px;\">\n<td style=\"width: 11.8896%; height: 23px;\">\u00a0<\/td>\n<td style=\"width: 9.65207%; height: 23px;\">\u00a0<\/td>\n<td style=\"width: 47.8479%; height: 23px;\">\u00a0<\/td>\n<td style=\"width: 30.6104%; height: 23px;\">\u00a0<\/td>\n<td style=\"width: 8.75%; height: 23px;\">\u00a0<\/td>\n<td style=\"width: 7.60417%; height: 23px;\">\u00a0<\/td>\n<td style=\"width: 1.875%; height: 23px;\">\u00a0<\/td>\n<\/tr>\n<tr style=\"height: 23px;\">\n<td style=\"width: 11.8896%; height: 42px;\">15.11.2025<\/td>\n<td style=\"width: 9.65207%; height: 42px;\">07.02.2026<\/td>\n<td style=\"width: 47.8479%; text-align: left; height: 42px;\">Gaumeisterschaften<\/td>\n<td style=\"width: 30.6104%; height: 42px;\">Gau Krumbach<\/td>\n<td style=\"width: 8.75%; height: 42px;\">\u00a0<\/td>\n<td style=\"width: 7.60417%; height: 42px;\">\u00a0<\/td>\n<td style=\"width: 1.875%; height: 42px;\">\u00a0<\/td>\n<\/tr>\n<tr style=\"height: 23px;\">\n<td style=\"width: 11.8896%; height: 10px;\">\n<p>12.01.2026<\/p>\n<\/td>\n<td style=\"width: 9.65207%; height: 10px;\">30.03.2026<\/td>\n<td style=\"width: 47.8479%; text-align: left; height: 10px;\">Rundenwettk\u00e4mpfe<\/td>\n<td style=\"width: 30.6104%; height: 10px;\">Gau\u00a0 Krumbach<\/td>\n<td style=\"width: 8.75%; height: 10px;\">\u00a0<\/td>\n<td style=\"width: 7.60417%; height: 10px;\">\u00a0<\/td>\n<td style=\"width: 1.875%; height: 10px;\">\u00a0<\/td>\n<\/tr>\n<tr style=\"height: 23px;\">\n<td style=\"width: 11.8896%; height: 23px;\">17.01.2026<\/td>\n<td style=\"width: 9.65207%; height: 23px;\">\u00a0<\/td>\n<td style=\"width: 47.8479%; text-align: left; height: 23px;\">Sebastianifeier<\/td>\n<td style=\"width: 30.6104%; height: 23px;\">Edelstetten<\/td>\n<td style=\"width: 8.75%; height: 23px;\">\u00a0<\/td>\n<td style=\"width: 7.60417%; height: 23px;\">\u00a0<\/td>\n<td style=\"width: 1.875%; height: 23px;\">\u00a0<\/td>\n<\/tr>\n<tr style=\"height: 26px;\">\n<td style=\"width: 11.8896%; height: 26px;\">22.01.2026<\/td>\n<td style=\"width: 9.65207%; height: 26px;\">\u00a0<\/td>\n<td style=\"width: 47.8479%; text-align: left; height: 26px;\">\u00dc-40Schie\u00dfen<\/td>\n<td style=\"width: 30.6104%; height: 26px;\">Breitenthal<\/td>\n<td style=\"width: 8.75%; height: 26px;\">\u00a0<\/td>\n<td style=\"width: 7.60417%; height: 26px;\">\u00a0<\/td>\n<td style=\"width: 1.875%; height: 26px;\">\u00a0<\/td>\n<\/tr>\n<tr style=\"height: 23px;\">\n<td style=\"width: 11.8896%; height: 30px;\">07.03,2026<\/td>\n<td style=\"width: 9.65207%; height: 30px;\">\u00a0<\/td>\n<td style=\"width: 47.8479%; text-align: left; height: 30px;\">Bezirksjugendtag<\/td>\n<td style=\"width: 30.6104%; height: 30px;\">Wei\u00dfenhorn<\/td>\n<td style=\"width: 8.75%; height: 30px;\">\u00a0<\/td>\n<td style=\"width: 7.60417%; height: 30px;\">\u00a0<\/td>\n<td style=\"width: 1.875%; height: 30px;\">\u00a0<\/td>\n<\/tr>\n<tr style=\"height: 23px;\">\n<td style=\"width: 11.8896%; height: 30px;\">08.03,2026<\/td>\n<td style=\"width: 9.65207%; height: 30px;\">\u00a0<\/td>\n<td style=\"width: 47.8479%; text-align: left; height: 30px;\">Bezirkssch\u00fctzentag<\/td>\n<td style=\"width: 30.6104%; height: 30px;\">Wei\u00dfenhorn<\/td>\n<td style=\"width: 8.75%; height: 30px;\">\u00a0<\/td>\n<td style=\"width: 7.60417%; height: 30px;\">\u00a0<\/td>\n<td style=\"width: 1.875%; height: 30px;\">\u00a0<\/td>\n<\/tr>\n<tr style=\"height: 23px;\">\n<td style=\"width: 11.8896%; height: 25px;\">12.03.2026 u.<\/td>\n<td style=\"width: 9.65207%; height: 25px;\">14.03.2026<\/td>\n<td style=\"width: 47.8479%; text-align: left; height: 25px;\">Gau-Jugendpreisschie\u00dfen<\/td>\n<td style=\"width: 30.6104%; height: 25px;\">Ziemetshausen<\/td>\n<td style=\"width: 8.75%; height: 25px;\">\u00a0<\/td>\n<td style=\"width: 7.60417%; height: 25px;\">\u00a0<\/td>\n<td style=\"width: 1.875%; height: 25px;\">\u00a0<\/td>\n<\/tr>\n<tr style=\"height: 23px;\">\n<td style=\"width: 11.8896%; height: 30px;\">19.03.2026<\/td>\n<td style=\"width: 9.65207%; height: 30px;\">\u00a0<\/td>\n<td style=\"width: 47.8479%; text-align: left; height: 30px;\">Gau-Damenschie\u00dfen<\/td>\n<td style=\"width: 30.6104%; height: 30px;\">Breitenthal<\/td>\n<td style=\"width: 8.75%; height: 30px;\">\u00a0<\/td>\n<td style=\"width: 7.60417%; height: 30px;\">\u00a0<\/td>\n<td style=\"width: 1.875%; height: 30px;\">\u00a0<\/td>\n<\/tr>\n<tr style=\"height: 23px;\">\n<td style=\"width: 11.8896%; height: 30px;\">08.04.2026<\/td>\n<td style=\"width: 9.65207%; height: 30px;\">\u00a0<\/td>\n<td style=\"width: 47.8479%; height: 30px;\">Gau-Jugendtag mit Preisverteilung<\/td>\n<td style=\"width: 30.6104%; height: 30px;\">Winzer<\/td>\n<td style=\"width: 8.75%; height: 30px;\">\u00a0<\/td>\n<td style=\"width: 7.60417%; height: 30px;\">\u00a0<\/td>\n<td style=\"width: 1.875%; height: 30px;\">\u00a0<\/td>\n<\/tr>\n<tr style=\"height: 23px;\">\n<td style=\"width: 11.8896%; height: 30px;\">11.04.2026<\/td>\n<td style=\"width: 9.65207%; height: 30px;\">\u00a0<\/td>\n<td style=\"width: 47.8479%; text-align: left; height: 30px;\">Preisverteilung Gau-Damenschie\u00dfen<\/td>\n<td style=\"width: 30.6104%; height: 30px;\">Breitenthal<\/td>\n<td style=\"width: 8.75%; height: 30px;\">\u00a0<\/td>\n<td style=\"width: 7.60417%; height: 30px;\">\u00a0<\/td>\n<td style=\"width: 1.875%; height: 30px;\">\u00a0<\/td>\n<\/tr>\n<tr style=\"height: 23px;\">\n<td style=\"width: 11.8896%; height: 29px;\">\u00a0<\/td>\n<td style=\"width: 9.65207%; height: 29px;\">\u00a0<\/td>\n<td style=\"width: 47.8479%; text-align: left; height: 29px;\">\u00a0<\/td>\n<td style=\"width: 30.6104%; height: 29px;\">\u00a0<\/td>\n<td style=\"width: 8.75%; height: 29px;\">\u00a0<\/td>\n<td style=\"width: 7.60417%; height: 29px;\">\u00a0<\/td>\n<td style=\"width: 1.875%; height: 29px;\">\u00a0<\/td>\n<\/tr>\n<tr style=\"height: 23px;\">\n<td style=\"width: 11.8896%; height: 23px;\">14.04.2026 bis<\/td>\n<td style=\"width: 9.65207%; height: 23px;\">25.04.2026<\/td>\n<td style=\"width: 47.8479%; text-align: left; height: 23px;\">Gauschie\u00dfen<\/td>\n<td style=\"width: 30.6104%; height: 23px;\">Deisenhausen<\/td>\n<td style=\"width: 8.75%; height: 23px;\">\u00a0<\/td>\n<td style=\"width: 7.60417%; height: 23px;\">\u00a0<\/td>\n<td style=\"width: 1.875%; height: 23px;\">\u00a0<\/td>\n<\/tr>\n<tr style=\"height: 23px;\">\n<td style=\"width: 11.8896%; height: 33px;\">26.04.2026<\/td>\n<td style=\"width: 9.65207%; height: 33px;\">\u00a0<\/td>\n<td style=\"width: 47.8479%; text-align: left; height: 33px;\">Finalschie\u00dfen<\/td>\n<td style=\"width: 30.6104%; height: 33px;\">Breitenthal<\/td>\n<td style=\"width: 8.75%; height: 33px;\">\u00a0<\/td>\n<td style=\"width: 7.60417%; height: 33px;\">\u00a0<\/td>\n<td style=\"width: 1.875%; height: 33px;\">\u00a0<\/td>\n<\/tr>\n<tr style=\"height: 23px;\">\n<td style=\"width: 11.8896%; height: 23px;\">09.05.2026<\/td>\n<td style=\"width: 9.65207%; height: 23px;\">\u00a0<\/td>\n<td style=\"width: 47.8479%; text-align: left; height: 23px;\">Preisverteilung vom Gauschie\u00dfen<\/td>\n<td style=\"width: 30.6104%; height: 23px;\">Deisenhausen,\u00a0 alte Schule<\/td>\n<td style=\"width: 8.75%; height: 23px;\">\u00a0<\/td>\n<td style=\"width: 7.60417%; height: 23px;\">\u00a0<\/td>\n<td style=\"width: 1.875%; height: 23px;\">\u00a0<\/td>\n<\/tr>\n<tr style=\"height: 23px;\">\n<td style=\"width: 11.8896%; height: 23px;\">09.05.2026<\/td>\n<td style=\"width: 9.65207%; height: 23px;\">\u00a0<\/td>\n<td style=\"width: 47.8479%; text-align: left; height: 23px;\">Siegerehrung Rundenwettkampf<\/td>\n<td style=\"width: 30.6104%; height: 23px;\">Deisenhausen<\/td>\n<td style=\"width: 8.75%; height: 23px;\">\u00a0<\/td>\n<td style=\"width: 7.60417%; height: 23px;\">\u00a0<\/td>\n<td style=\"width: 1.875%; height: 23px;\">\u00a0<\/td>\n<\/tr>\n<tr style=\"height: 23px;\">\n<td style=\"width: 11.8896%; height: 23px;\">\u00a0<\/td>\n<td style=\"width: 9.65207%; height: 23px;\">\u00a0<\/td>\n<td style=\"width: 47.8479%; text-align: left; height: 23px;\">\u00a0<\/td>\n<td style=\"width: 30.6104%; height: 23px;\">\u00a0<\/td>\n<td style=\"width: 8.75%; height: 23px;\">\u00a0<\/td>\n<td style=\"width: 7.60417%; height: 23px;\">\u00a0<\/td>\n<td style=\"width: 1.875%; height: 23px;\">\u00a0<\/td>\n<\/tr>\n<tr style=\"height: 23px;\">\n<td style=\"width: 11.8896%; height: 23px;\">06+.02026<\/td>\n<td style=\"width: 9.65207%; height: 23px;\">\u00a0<\/td>\n<td style=\"width: 47.8479%; text-align: left; height: 23px;\">Bayer. Landesjugendtag<\/td>\n<td style=\"width: 30.6104%; height: 23px;\">Bamberg<\/td>\n<td style=\"width: 8.75%; height: 23px;\">\u00a0<\/td>\n<td style=\"width: 7.60417%; height: 23px;\">\u00a0<\/td>\n<td style=\"width: 1.875%; height: 23px;\">\u00a0<\/td>\n<\/tr>\n<tr style=\"height: 23px;\">\n<td style=\"width: 11.8896%; height: 23px;\">04.06.2026bus<\/td>\n<td style=\"width: 9.65207%; height: 23px;\">07.06.2026<\/td>\n<td style=\"width: 47.8479%; text-align: left; height: 23px;\">Bayer. Sch\u00fctzentag<\/td>\n<td style=\"width: 30.6104%; height: 23px;\">Bamberg<\/td>\n<td style=\"width: 8.75%; height: 23px;\">\u00a0<\/td>\n<td style=\"width: 7.60417%; height: 23px;\">\u00a0<\/td>\n<td style=\"width: 1.875%; height: 23px;\">\u00a0<\/td>\n<\/tr>\n<tr style=\"height: 23px;\">\n<td style=\"width: 11.8896%; height: 23px;\">20.06.2026<\/td>\n<td style=\"width: 9.65207%; height: 23px;\">\u00a0<\/td>\n<td style=\"width: 47.8479%; text-align: left; height: 23px;\">Sommerbiathlon<\/td>\n<td style=\"width: 30.6104%; height: 23px;\">Billenhausen<\/td>\n<td style=\"width: 8.75%; height: 23px;\">\u00a0<\/td>\n<td style=\"width: 7.60417%; height: 23px;\">\u00a0<\/td>\n<td style=\"width: 1.875%; height: 23px;\">\u00a0<\/td>\n<\/tr>\n<tr style=\"height: 23px;\">\n<td style=\"width: 11.8896%; height: 30px;\">15.08.2026<\/td>\n<td style=\"width: 9.65207%; height: 30px;\">\u00a0<\/td>\n<td style=\"width: 47.8479%; text-align: left; height: 30px;\">Abgabeschlu\u00df f\u00fcr alle Pass\u00e4nderungen<\/td>\n<td style=\"width: 30.6104%; height: 30px;\">\u00a0<\/td>\n<td style=\"width: 8.75%; height: 30px;\">\u00a0<\/td>\n<td style=\"width: 7.60417%; height: 30px;\">\u00a0<\/td>\n<td style=\"width: 1.875%; height: 30px;\">\u00a0<\/td>\n<\/tr>\n<tr style=\"height: 23px;\">\n<td style=\"width: 11.8896%; height: 23px;\">\u00a0<\/td>\n<td style=\"width: 9.65207%; height: 23px;\">\u00a0<\/td>\n<td style=\"width: 47.8479%; text-align: left; height: 23px;\">\u00a0<\/td>\n<td style=\"width: 30.6104%; height: 23px;\">\u00a0<\/td>\n<td style=\"width: 8.75%; height: 23px;\">\u00a0<\/td>\n<td style=\"width: 7.60417%; height: 23px;\">\u00a0<\/td>\n<td style=\"width: 1.875%; height: 23px;\">\u00a0<\/td>\n<\/tr>\n<tr style=\"height: 23px;\">\n<td style=\"width: 11.8896%; height: 30px;\">19.09.2026<\/td>\n<td style=\"width: 9.65207%; height: 30px;\">\u00a0<\/td>\n<td style=\"width: 47.8479%; text-align: left; height: 30px;\">Beginn und Fahrt zum Oktoberfestlandesschie\u00dfen<\/td>\n<td style=\"width: 30.6104%; height: 30px;\">M\u00fcnchen<\/td>\n<td style=\"width: 8.75%; height: 30px;\">\u00a0<\/td>\n<td style=\"width: 7.60417%; height: 30px;\">\u00a0<\/td>\n<td style=\"width: 1.875%; height: 30px;\">\u00a0<\/td>\n<\/tr>\n<tr style=\"height: 23px;\">\n<td style=\"width: 11.8896%; height: 23px;\">\u00a0<\/td>\n<td style=\"width: 9.65207%; height: 23px;\">\u00a0<\/td>\n<td style=\"width: 47.8479%; text-align: left; height: 23px;\">\u00a0<\/td>\n<td style=\"width: 30.6104%; height: 23px;\">\u00a0<\/td>\n<td style=\"width: 8.75%; height: 23px;\">\u00a0<\/td>\n<td style=\"width: 7.60417%; height: 23px;\">\u00a0<\/td>\n<td style=\"width: 1.875%; height: 23px;\">\u00a0<\/td>\n<\/tr>\n<tr style=\"height: 23px;\">\n<td style=\"width: 11.8896%; height: 30px;\">23.09.2026<\/td>\n<td style=\"width: 9.65207%; height: 30px;\">\u00a0<\/td>\n<td style=\"width: 47.8479%; text-align: left; height: 30px;\">Vereinsjugendleitertagung mit Meldeschlu\u00df RWK.Jugend<\/td>\n<td style=\"width: 30.6104%; height: 30px;\">?<\/td>\n<td style=\"width: 8.75%; height: 30px;\">\u00a0<\/td>\n<td style=\"width: 7.60417%; height: 30px;\">\u00a0<\/td>\n<td style=\"width: 1.875%; height: 30px;\">\u00a0<\/td>\n<\/tr>\n<tr style=\"height: 23px;\">\n<td style=\"width: 11.8896%; height: 30px;\">26.09.2026<\/td>\n<td style=\"width: 9.65207%; height: 30px;\">\u00a0<\/td>\n<td style=\"width: 47.8479%; text-align: left; height: 30px;\">Gau Arbeitstagung mit Meldeschlu\u00df RWK allgemein<\/td>\n<td style=\"width: 30.6104%; height: 30px;\">Waltenhausen<\/td>\n<td style=\"width: 8.75%; height: 30px;\">\u00a0<\/td>\n<td style=\"width: 7.60417%; height: 30px;\">\u00a0<\/td>\n<td style=\"width: 1.875%; height: 30px;\">\u00a0<\/td>\n<\/tr>\n<tr style=\"height: 23px;\">\n<td style=\"width: 11.8896%; height: 32px;\">\u00a0<\/td>\n<td style=\"width: 9.65207%; height: 32px;\">Oktober<\/td>\n<td style=\"width: 47.8479%; text-align: left; height: 32px;\">\u00c4ltestenschie\u00dfen Bezirk Schwaben<\/td>\n<td style=\"width: 30.6104%; height: 32px;\">\u00a0<\/td>\n<td style=\"width: 8.75%; height: 32px;\">\u00a0<\/td>\n<td style=\"width: 7.60417%; height: 32px;\">\u00a0<\/td>\n<td style=\"width: 1.875%; height: 32px;\">\u00a0<\/td>\n<\/tr>\n<tr style=\"height: 23px;\">\n<td style=\"width: 11.8896%; height: 30px;\"><strong>31.10.2026<\/strong><\/td>\n<td style=\"width: 9.65207%; height: 30px;\">\u00a0<\/td>\n<td style=\"width: 47.8479%; text-align: left; height: 30px;\">Gauversammlung im Gasthaus Munding<\/td>\n<td style=\"width: 30.6104%; height: 30px;\">Krumbach<\/td>\n<td style=\"width: 8.75%; height: 30px;\">\u00a0<\/td>\n<td style=\"width: 7.60417%; height: 30px;\">\u00a0<\/td>\n<td style=\"width: 1.875%; height: 30px;\">\u00a0<\/td>\n<\/tr>\n<tr style=\"height: 23px;\">\n<td style=\"width: 11.8896%; height: 23px;\">21.11.2026<\/td>\n<td style=\"width: 9.65207%; height: 23px;\">\u00a0<\/td>\n<td style=\"width: 47.8479%; text-align: left; height: 23px;\">Bezirkssportlerehrung<\/td>\n<td style=\"width: 30.6104%; height: 23px;\">Obersch\u00f6negg<\/td>\n<td style=\"width: 8.75%; height: 23px;\">\u00a0<\/td>\n<td style=\"width: 7.60417%; height: 23px;\">\u00a0<\/td>\n<td style=\"width: 1.875%; height: 23px;\">\u00a0<\/td>\n<\/tr>\n<tr style=\"height: 23px;\">\n<td style=\"width: 11.8896%; height: 23px;\">15.12.2026<\/td>\n<td style=\"width: 9.65207%; height: 23px;\">\u00a0<\/td>\n<td style=\"width: 47.8479%; text-align: left; height: 23px;\">Abgabeschlu\u00df Mitgliedermeldung<\/td>\n<td style=\"width: 30.6104%; height: 23px;\">ZMI<\/td>\n<td style=\"width: 8.75%; height: 23px;\">\u00a0<\/td>\n<td style=\"width: 7.60417%; height: 23px;\">\u00a0<\/td>\n<td style=\"width: 1.875%; height: 23px;\">\u00a0<\/td>\n<\/tr>\n<tr style=\"height: 99px;\">\n<td style=\"width: 11.8896%; height: 99px;\">\u00a0<\/td>\n<td style=\"width: 9.65207%; height: 99px;\">\u00a0<\/td>\n<td style=\"width: 47.8479%; text-align: left; height: 99px;\">\u00a0<\/td>\n<td style=\"width: 30.6104%; height: 99px;\">\u00a0<\/td>\n<td style=\"width: 8.75%; height: 99px;\">\u00a0<\/td>\n<td style=\"width: 7.60417%; height: 99px;\">\u00a0<\/td>\n<td style=\"width: 1.875%; height: 99px;\">\u00a0<\/td>\n<\/tr>\n<\/tbody>\n<\/table>\n\n\n<p><\/p>\n\n\n\n<p><\/p>\n","protected":false},"excerpt":{"rendered":"<p>Termine 2025\/2026 von bis Veranstaltung Ort \u00a0 \u00a0 \u00a0 \u00a0 \u00a0 \u00a0 \u00a0 \u00a0 \u00a0 \u00a0 15.11.2025 07.02.2026 Gaumeisterschaften Gau Krumbach \u00a0 \u00a0 \u00a0 12.01.2026 30.03.2026 Rundenwettk\u00e4mpfe Gau\u00a0 Krumbach \u00a0 \u00a0 \u00a0 17.01.2026 \u00a0&#46;&#46;&#46;<\/p>\n","protected":false},"author":1,"featured_media":0,"parent":0,"menu_order":0,"comment_status":"closed","ping_status":"closed","template":"","meta":[],"_links":{"self":[{"href":"https:\/\/gau-krumbach.de\/index.php?rest_route=\/wp\/v2\/pages\/318"}],"collection":[{"href":"https:\/\/gau-krumbach.de\/index.php?rest_route=\/wp\/v2\/pages"}],"about":[{"href":"https:\/\/gau-krumbach.de\/index.php?rest_route=\/wp\/v2\/types\/page"}],"author":[{"embeddable":true,"href":"https:\/\/gau-krumbach.de\/index.php?rest_route=\/wp\/v2\/users\/1"}],"replies":[{"embeddable":true,"href":"https:\/\/gau-krumbach.de\/index.php?rest_route=%2Fwp%2Fv2%2Fcomments&post=318"}],"version-history":[{"count":110,"href":"https:\/\/gau-krumbach.de\/index.php?rest_route=\/wp\/v2\/pages\/318\/revisions"}],"predecessor-version":[{"id":2199,"href":"https:\/\/gau-krumbach.de\/index.php?rest_route=\/wp\/v2\/pages\/318\/revisions\/2199"}],"wp:attachment":[{"href":"https:\/\/gau-krumbach.de\/index.php?rest_route=%2Fwp%2Fv2%2Fmedia&parent=318"}],"curies":[{"name":"wp","href":"https:\/\/api.w.org\/{rel}","templated":true}]}}