{"id":219,"date":"2019-11-19T10:18:40","date_gmt":"2019-11-19T09:18:40","guid":{"rendered":"http:\/\/s355038028.online.de\/?page_id=219"},"modified":"2025-11-04T10:31:17","modified_gmt":"2025-11-04T09:31:17","slug":"gauschiessen","status":"publish","type":"page","link":"https:\/\/gau-krumbach.de\/?page_id=219","title":{"rendered":"Gauschie\u00dfen"},"content":{"rendered":"\n<p><\/p>\n\n\n\n<p><\/p>\n\n\n\n<p>Ausschreibung Gauschie\u00dfen 2026<\/p>\n\n\n\n<p><a href=\"https:\/\/gau-krumbach.de\/wp-content\/uploads\/Werbung-Gauschiessen-2026-1.pdf\">Termine Gauschie\u00dfen 2026 &#8211; Deisenhausen<\/a><\/p>\n\n\n\n<p>K\u00f6nigsproklamation<\/p>\n\n\n\n<p class=\"has-vivid-red-color has-text-color\"><strong>Gau-K\u00f6nige 2025<\/strong><\/p>\n\n\n\n<p><a href=\"https:\/\/gau-krumbach.de\/wp-content\/uploads\/GauschuetzenKoenig-1-1.pdf\">Gau-Sch\u00fctzenk\u00f6nig<\/a><\/p>\n\n\n\n<p><a href=\"https:\/\/gau-krumbach.de\/wp-content\/uploads\/GaudamenKoenigin-1-1.pdf\">Gau-Damenk\u00f6nigin<\/a><\/p>\n\n\n\n<p><a href=\"https:\/\/gau-krumbach.de\/wp-content\/uploads\/GaujugendKoenig-1-1.pdf\">Gau Jugendk\u00f6nig<\/a><\/p>\n\n\n\n<p><a href=\"https:\/\/gau-krumbach.de\/wp-content\/uploads\/GauauflageKoenig-1-1.pdf\">Gau-Auiflagek\u00f6nig<\/a><\/p>\n\n\n\n<p><\/p>\n\n\n\n<p class=\"has-vivid-red-color has-text-color\"><strong>Ergebnisse Gauschie\u00dfen 2025<\/strong><\/p>\n\n\n\n<p><a href=\"https:\/\/gau-krumbach.de\/wp-content\/uploads\/Festscheibe-Allgemein-7.pdf\">Festscheibe 2025<\/a><\/p>\n\n\n\n<p><a href=\"https:\/\/gau-krumbach.de\/wp-content\/uploads\/Festscheibe-Auflage-2-1.pdf\">Festscheibe Auflage 2025<\/a><\/p>\n\n\n\n<p><a href=\"https:\/\/gau-krumbach.de\/wp-content\/uploads\/Meister-Jugend-1.pdf\">Meister Jugend<\/a><\/p>\n\n\n\n<p><a href=\"https:\/\/gau-krumbach.de\/wp-content\/uploads\/Meister-LG-2-1.pdf\">Meister LG :<\/a><\/p>\n\n\n\n<p><a href=\"https:\/\/gau-krumbach.de\/wp-content\/uploads\/Meister-LG-Auflage.pdf\">Meister Auflage<\/a><\/p>\n\n\n\n<p><a href=\"https:\/\/gau-krumbach.de\/wp-content\/uploads\/Meister-LP-1.pdf\">Meister LP<\/a><\/p>\n\n\n\n<p><a href=\"https:\/\/gau-krumbach.de\/wp-content\/uploads\/Meistbeteiligung-6.pdf\">Meistbeteiligung<\/a><\/p>\n","protected":false},"excerpt":{"rendered":"<p>Ausschreibung Gauschie\u00dfen 2026 Termine Gauschie\u00dfen 2026 &#8211; Deisenhausen K\u00f6nigsproklamation Gau-K\u00f6nige 2025 Gau-Sch\u00fctzenk\u00f6nig Gau-Damenk\u00f6nigin Gau Jugendk\u00f6nig Gau-Auiflagek\u00f6nig Ergebnisse Gauschie\u00dfen 2025 Festscheibe 2025 Festscheibe Auflage 2025 Meister Jugend Meister LG : Meister Auflage Meister LP Meistbeteiligung<\/p>\n","protected":false},"author":1,"featured_media":0,"parent":0,"menu_order":0,"comment_status":"closed","ping_status":"closed","template":"","meta":[],"_links":{"self":[{"href":"https:\/\/gau-krumbach.de\/index.php?rest_route=\/wp\/v2\/pages\/219"}],"collection":[{"href":"https:\/\/gau-krumbach.de\/index.php?rest_route=\/wp\/v2\/pages"}],"about":[{"href":"https:\/\/gau-krumbach.de\/index.php?rest_route=\/wp\/v2\/types\/page"}],"author":[{"embeddable":true,"href":"https:\/\/gau-krumbach.de\/index.php?rest_route=\/wp\/v2\/users\/1"}],"replies":[{"embeddable":true,"href":"https:\/\/gau-krumbach.de\/index.php?rest_route=%2Fwp%2Fv2%2Fcomments&post=219"}],"version-history":[{"count":60,"href":"https:\/\/gau-krumbach.de\/index.php?rest_route=\/wp\/v2\/pages\/219\/revisions"}],"predecessor-version":[{"id":2169,"href":"https:\/\/gau-krumbach.de\/index.php?rest_route=\/wp\/v2\/pages\/219\/revisions\/2169"}],"wp:attachment":[{"href":"https:\/\/gau-krumbach.de\/index.php?rest_route=%2Fwp%2Fv2%2Fmedia&parent=219"}],"curies":[{"name":"wp","href":"https:\/\/api.w.org\/{rel}","templated":true}]}}