{"id":153,"date":"2019-11-12T19:45:53","date_gmt":"2019-11-12T18:45:53","guid":{"rendered":"http:\/\/s355038028.online.de\/?page_id=153"},"modified":"2019-11-25T12:39:56","modified_gmt":"2019-11-25T11:39:56","slug":"wir-ueber-uns-der-gaustellt-sich-vor","status":"publish","type":"page","link":"https:\/\/gau-krumbach.de\/?page_id=153","title":{"rendered":"Wir \u00fcber uns: Der Gau stellt sich vor"},"content":{"rendered":"\n<figure class=\"wp-block-table\">\n<table>\n<tbody>\n<tr>\n<td class=\"has-text-align-left\" style=\"text-align: left;\" data-align=\"left\">Auszug aus der Gauchronik: <br>Gaugr\u00fcndung am 6. April 1925 in Krumbach, Gasthaus \u201eGr\u00fcner Baum\u201c unter der Leitung des Kreisverbandsf\u00fchrers Haberl, Augsburg. Als 1. Gausch\u00fctzenmeister wurde gew\u00e4hlt der&nbsp; B\u00fcchsenmachermeister Simon Rei\u00df. Der Gau Krumbach wird eingegliedert in den Kreisverband Schwaben im Bayerischen Sch\u00fctzenbund. Er erhielt den Namen:<br>&nbsp;&nbsp;&nbsp;&nbsp;&nbsp;&nbsp;&nbsp;&nbsp;&nbsp;&nbsp;&nbsp;&nbsp;&nbsp;&nbsp;&nbsp;&nbsp;&nbsp;&nbsp;&nbsp;&nbsp;&nbsp;&nbsp;&nbsp;&nbsp;&nbsp;&nbsp;&nbsp;&nbsp;&nbsp;&nbsp;&nbsp;&nbsp;&nbsp;&nbsp;&nbsp;&nbsp;&nbsp;&nbsp;&nbsp;&nbsp;&nbsp;&nbsp;&nbsp;&nbsp;&nbsp;&nbsp;&nbsp;&nbsp;&nbsp;&nbsp;&nbsp;&nbsp;&nbsp;&nbsp;&nbsp;&nbsp;&nbsp;&nbsp;&nbsp;&nbsp;&nbsp;&nbsp;&nbsp;&nbsp; <strong>Gau Krumbach Nr. 44<\/strong><br>mit dem Sitz in Krumbach. Der Wahlspruch lautet: <em>Der Gau 44 bl\u00fche, wachse und gedeihe!<\/em> <br>Der Gau Krumbach befindet sich sehr zentral im Sch\u00fctzenbezirk Schwaben. Er ist einer von den 22 Gauen des Bezirks.<br><br><\/td>\n<\/tr>\n<\/tbody>\n<\/table>\n<\/figure>\n\n\n\n<figure class=\"wp-block-image size-large\"><img loading=\"lazy\" width=\"1024\" height=\"683\" src=\"http:\/\/s355038028.online.de\/wp-content\/uploads\/2019\/11\/Gausch\u00fctzenmeisteramt-2017-1024x683.png\" alt=\"\" class=\"wp-image-291\" srcset=\"https:\/\/gau-krumbach.de\/wp-content\/uploads\/2019\/11\/Gausch\u00fctzenmeisteramt-2017-1024x683.png 1024w, https:\/\/gau-krumbach.de\/wp-content\/uploads\/2019\/11\/Gausch\u00fctzenmeisteramt-2017-300x200.png 300w, https:\/\/gau-krumbach.de\/wp-content\/uploads\/2019\/11\/Gausch\u00fctzenmeisteramt-2017-768x512.png 768w, https:\/\/gau-krumbach.de\/wp-content\/uploads\/2019\/11\/Gausch\u00fctzenmeisteramt-2017-391x260.png 391w, https:\/\/gau-krumbach.de\/wp-content\/uploads\/2019\/11\/Gausch\u00fctzenmeisteramt-2017-1536x1025.png 1536w, https:\/\/gau-krumbach.de\/wp-content\/uploads\/2019\/11\/Gausch\u00fctzenmeisteramt-2017.png 1997w\" sizes=\"(max-width: 1024px) 100vw, 1024px\" \/><\/figure>\n\n\n\n<figure class=\"wp-block-table alignleft\">\n<table>\n<tbody>\n<tr>\n<td class=\"has-text-align-left\" style=\"text-align: left;\" data-align=\"left\">Das Gausch\u00fctzenmeisteramt seit 31.10.2017 <br>Bild zeigt die neue Gauvorstandschaft: <br>v.l.n.r. Franz Bonk, Gerhard Drutschmann, Wolfgang Linderm\u00fcller, Roland Seitz, Mathias Wick, Christian Kreuzer, Annekathrin Zielinski, Bernhard Fendt, Marion Fendt, Torsten K\u00fchl, Reimund Ditz, Andreas Bergmiller, Ursula Kreuzer, Claudio Fischer, Roland Brandl, Ludwig Kreuzer, Helmut Konrad.<\/td>\n<\/tr>\n<\/tbody>\n<\/table>\n<\/figure>\n\n\n","protected":false},"excerpt":{"rendered":"<p>Auszug aus der Gauchronik: Gaugr\u00fcndung am 6. April 1925 in Krumbach, Gasthaus \u201eGr\u00fcner Baum\u201c unter der Leitung des Kreisverbandsf\u00fchrers Haberl, Augsburg. Als 1. Gausch\u00fctzenmeister wurde gew\u00e4hlt der&nbsp; B\u00fcchsenmachermeister Simon Rei\u00df. Der Gau Krumbach wird&#46;&#46;&#46;<\/p>\n","protected":false},"author":1,"featured_media":0,"parent":0,"menu_order":0,"comment_status":"closed","ping_status":"closed","template":"","meta":[],"_links":{"self":[{"href":"https:\/\/gau-krumbach.de\/index.php?rest_route=\/wp\/v2\/pages\/153"}],"collection":[{"href":"https:\/\/gau-krumbach.de\/index.php?rest_route=\/wp\/v2\/pages"}],"about":[{"href":"https:\/\/gau-krumbach.de\/index.php?rest_route=\/wp\/v2\/types\/page"}],"author":[{"embeddable":true,"href":"https:\/\/gau-krumbach.de\/index.php?rest_route=\/wp\/v2\/users\/1"}],"replies":[{"embeddable":true,"href":"https:\/\/gau-krumbach.de\/index.php?rest_route=%2Fwp%2Fv2%2Fcomments&post=153"}],"version-history":[{"count":21,"href":"https:\/\/gau-krumbach.de\/index.php?rest_route=\/wp\/v2\/pages\/153\/revisions"}],"predecessor-version":[{"id":1287,"href":"https:\/\/gau-krumbach.de\/index.php?rest_route=\/wp\/v2\/pages\/153\/revisions\/1287"}],"wp:attachment":[{"href":"https:\/\/gau-krumbach.de\/index.php?rest_route=%2Fwp%2Fv2%2Fmedia&parent=153"}],"curies":[{"name":"wp","href":"https:\/\/api.w.org\/{rel}","templated":true}]}}