{"id":144,"date":"2019-11-12T19:45:53","date_gmt":"2019-11-12T18:45:53","guid":{"rendered":"http:\/\/s355038028.online.de\/?page_id=144"},"modified":"2025-11-28T11:25:20","modified_gmt":"2025-11-28T10:25:20","slug":"boeller","status":"publish","type":"page","link":"https:\/\/gau-krumbach.de\/?page_id=144","title":{"rendered":"B\u00f6ller"},"content":{"rendered":"\n<p><a href=\"https:\/\/gau-krumbach.de\/wp-content\/uploads\/Bayerische_Boellerschuetzenordnung.pdf\">Bayerische B\u00f6llersch\u00fctzenordnung<\/a><\/p>\n\n\n\n<p><a href=\"https:\/\/gau-krumbach.de\/wp-content\/uploads\/Merkblatt_Boellerschuetzenordnung_des_BSSB.pdf\">Merkblatt Bayerische B\u00f6llersch\u00fctzenordnung<\/a><\/p>\n\n\n\n<p><a href=\"https:\/\/gau-krumbach.de\/wp-content\/uploads\/Gruendung_einer_Boellergruppe_im_Schuetzenverein.pdf\">Gr\u00fcndung einer B\u00f6llersch\u00fctzengruppe im Verein<\/a><\/p>\n\n\n\n<p><a href=\"https:\/\/gau-krumbach.de\/wp-content\/uploads\/Gruendung_einer_Boellergruppe_als_Verein.pdf\">Gr\u00fcndung eines B\u00f6llersch\u00fctzengruppe als Verein<\/a><\/p>\n\n\n\n<p><a href=\"https:\/\/gau-krumbach.de\/wp-content\/uploads\/Wie_werde_ich_Boellerschuetze.pdf\">Wie werde ich B\u00f6llersch\u00fctze<\/a><\/p>\n\n\n\n<p><a href=\"https:\/\/gau-krumbach.de\/wp-content\/uploads\/Merkblatt_Boeller_Wiederholungsbeschuss.pdf\">Merkblatt B\u00f6llerwiederholungsbeschu\u00df<\/a><\/p>\n\n\n\n<p><a href=\"https:\/\/gau-krumbach.de\/wp-content\/uploads\/Checkliste_Boellertreffen-BSSB-Stand-2016.pdf\">Checkliste B\u00f6llersch\u00fctzentreffen des BSSB<\/a><\/p>\n\n\n\n<p><\/p>\n\n\n\n<p><a href=\"https:\/\/gau-krumbach.de\/wp-content\/uploads\/Einladung-Sebastianschiessen-2026-in-Edelstetten.pdf\">Sebastianischie\u00dfen 2026-Einladung<\/a><\/p>\n\n\n\n<p><a href=\"https:\/\/gau-krumbach.de\/wp-content\/uploads\/Lageplan-Boellerschiessen-Edelstetten-17.01.2026.pdf\">Schiessplatz-Lageplan<\/a><\/p>\n\n\n\n<p><a href=\"https:\/\/gau-krumbach.de\/wp-content\/uploads\/Schussfolge_Sebastiansmesse-2026.pdf\">Schu\u00dffolge<\/a><\/p>\n","protected":false},"excerpt":{"rendered":"<p>Bayerische B\u00f6llersch\u00fctzenordnung Merkblatt Bayerische B\u00f6llersch\u00fctzenordnung Gr\u00fcndung einer B\u00f6llersch\u00fctzengruppe im Verein Gr\u00fcndung eines B\u00f6llersch\u00fctzengruppe als Verein Wie werde ich B\u00f6llersch\u00fctze Merkblatt B\u00f6llerwiederholungsbeschu\u00df Checkliste B\u00f6llersch\u00fctzentreffen des BSSB Sebastianischie\u00dfen 2026-Einladung Schiessplatz-Lageplan Schu\u00dffolge<\/p>\n","protected":false},"author":1,"featured_media":0,"parent":0,"menu_order":0,"comment_status":"closed","ping_status":"closed","template":"","meta":[],"_links":{"self":[{"href":"https:\/\/gau-krumbach.de\/index.php?rest_route=\/wp\/v2\/pages\/144"}],"collection":[{"href":"https:\/\/gau-krumbach.de\/index.php?rest_route=\/wp\/v2\/pages"}],"about":[{"href":"https:\/\/gau-krumbach.de\/index.php?rest_route=\/wp\/v2\/types\/page"}],"author":[{"embeddable":true,"href":"https:\/\/gau-krumbach.de\/index.php?rest_route=\/wp\/v2\/users\/1"}],"replies":[{"embeddable":true,"href":"https:\/\/gau-krumbach.de\/index.php?rest_route=%2Fwp%2Fv2%2Fcomments&post=144"}],"version-history":[{"count":11,"href":"https:\/\/gau-krumbach.de\/index.php?rest_route=\/wp\/v2\/pages\/144\/revisions"}],"predecessor-version":[{"id":2183,"href":"https:\/\/gau-krumbach.de\/index.php?rest_route=\/wp\/v2\/pages\/144\/revisions\/2183"}],"wp:attachment":[{"href":"https:\/\/gau-krumbach.de\/index.php?rest_route=%2Fwp%2Fv2%2Fmedia&parent=144"}],"curies":[{"name":"wp","href":"https:\/\/api.w.org\/{rel}","templated":true}]}}