{"id":142,"date":"2019-11-12T19:45:53","date_gmt":"2019-11-12T18:45:53","guid":{"rendered":"http:\/\/s355038028.online.de\/?page_id=142"},"modified":"2026-03-15T09:47:43","modified_gmt":"2026-03-15T08:47:43","slug":"senioren","status":"publish","type":"page","link":"https:\/\/gau-krumbach.de\/?page_id=142","title":{"rendered":"Senioren"},"content":{"rendered":"\n<p class=\"has-large-font-size\"><strong>Terminvorschau Auflageschie\u00dfen<\/strong><\/p>\n\n\n\n<p class=\"has-medium-font-size\"><strong><span class=\"has-inline-color has-vivid-red-color\">N\u00e4chstes Treffen der Auflagesch\u00fctzen:<\/span><\/strong><\/p>\n\n\n\n<p class=\"has-medium-font-size\"><span class=\"has-inline-color has-black-color\"><strong>N\u00e4chstes Auflagetreffen am 13.April beim Sch\u00fctzenverein Ziemetshausen, 18:00 Uhr<\/strong><\/span>,          <span class=\"has-inline-color has-black-color\"><strong>Achtung:<\/strong> <strong>letztes Schie\u00dfen vor der Sommerpause, <\/strong><\/span><\/p>\n\n\n\n<p><\/p>\n\n\n\n<p><a href=\"https:\/\/gau-krumbach.de\/wp-content\/uploads\/02_Ringe-Memmenhausen.pdf\">ErgebnisseLG_ LP-Ringe<\/a><\/p>\n\n\n\n<p><a href=\"https:\/\/gau-krumbach.de\/wp-content\/uploads\/01_Blattl-Memmenhausen.pdf\">Ergebnisse LG-LP Teiler<\/a><\/p>\n\n\n\n<p><a href=\"https:\/\/gau-krumbach.de\/wp-content\/uploads\/Josef-Reisch-Pokal-scaled.jpeg\">Ergebnisse Josef-Reisch-Pokal<\/a><a href=\"https:\/\/gau-krumbach.de\/wp-content\/uploads\/Ringe.pdf\">https:\/\/gau-krumbach.de\/wp-content\/uploads\/Ringe.pdf<\/a><\/p>\n","protected":false},"excerpt":{"rendered":"<p>Terminvorschau Auflageschie\u00dfen N\u00e4chstes Treffen der Auflagesch\u00fctzen: N\u00e4chstes Auflagetreffen am 13.April beim Sch\u00fctzenverein Ziemetshausen, 18:00 Uhr, Achtung: letztes Schie\u00dfen vor der Sommerpause, ErgebnisseLG_ LP-Ringe Ergebnisse LG-LP Teiler Ergebnisse Josef-Reisch-Pokalhttps:\/\/gau-krumbach.de\/wp-content\/uploads\/Ringe.pdf<\/p>\n","protected":false},"author":1,"featured_media":0,"parent":0,"menu_order":0,"comment_status":"closed","ping_status":"closed","template":"","meta":[],"_links":{"self":[{"href":"https:\/\/gau-krumbach.de\/index.php?rest_route=\/wp\/v2\/pages\/142"}],"collection":[{"href":"https:\/\/gau-krumbach.de\/index.php?rest_route=\/wp\/v2\/pages"}],"about":[{"href":"https:\/\/gau-krumbach.de\/index.php?rest_route=\/wp\/v2\/types\/page"}],"author":[{"embeddable":true,"href":"https:\/\/gau-krumbach.de\/index.php?rest_route=\/wp\/v2\/users\/1"}],"replies":[{"embeddable":true,"href":"https:\/\/gau-krumbach.de\/index.php?rest_route=%2Fwp%2Fv2%2Fcomments&post=142"}],"version-history":[{"count":58,"href":"https:\/\/gau-krumbach.de\/index.php?rest_route=\/wp\/v2\/pages\/142\/revisions"}],"predecessor-version":[{"id":2256,"href":"https:\/\/gau-krumbach.de\/index.php?rest_route=\/wp\/v2\/pages\/142\/revisions\/2256"}],"wp:attachment":[{"href":"https:\/\/gau-krumbach.de\/index.php?rest_route=%2Fwp%2Fv2%2Fmedia&parent=142"}],"curies":[{"name":"wp","href":"https:\/\/api.w.org\/{rel}","templated":true}]}}