{"id":141,"date":"2019-11-12T19:45:53","date_gmt":"2019-11-12T18:45:53","guid":{"rendered":"http:\/\/s355038028.online.de\/?page_id=141"},"modified":"2026-02-25T19:57:06","modified_gmt":"2026-02-25T18:57:06","slug":"damen","status":"publish","type":"page","link":"https:\/\/gau-krumbach.de\/?page_id=141","title":{"rendered":"Damen"},"content":{"rendered":"\n<p><a href=\"https:\/\/gau-krumbach.de\/wp-content\/uploads\/Anschreiben-Einladung-Frauen-ab-40.pdf\">Einladung  Frauen \u00dc-40-Schie\u00dfen<\/a><\/p>\n\n\n\n<p><a href=\"https:\/\/gau-krumbach.de\/wp-content\/uploads\/Anmeldeliste-Frauen-ab-40-1.xls\">Anmeldung Frauen ab -40-Schie\u00dfen<\/a><\/p>\n\n\n\n<p><a href=\"https:\/\/gau-krumbach.de\/wp-content\/uploads\/Einladung-Gaudamenschiessen-2026-1.pdf\">Einladung Gau-Damenschie\u00dfen 2026<\/a><\/p>\n\n\n\n<p><a href=\"https:\/\/gau-krumbach.de\/wp-content\/uploads\/Anmeldeliste-Gaudamenschiessen.xlsx\">Anmeldeliste Gau-Damenschie\u00dfen<\/a><\/p>\n\n\n\n<p>Ergebnisse Frauen \u00dc-40-Schie\u00dfen<\/p>\n\n\n\n<p>Ergebnisse Gau-Damenschie\u00dfen 2026<\/p>\n","protected":false},"excerpt":{"rendered":"<p>Einladung Frauen \u00dc-40-Schie\u00dfen Anmeldung Frauen ab -40-Schie\u00dfen Einladung Gau-Damenschie\u00dfen 2026 Anmeldeliste Gau-Damenschie\u00dfen Ergebnisse Frauen \u00dc-40-Schie\u00dfen Ergebnisse Gau-Damenschie\u00dfen 2026<\/p>\n","protected":false},"author":1,"featured_media":0,"parent":0,"menu_order":0,"comment_status":"closed","ping_status":"closed","template":"","meta":[],"_links":{"self":[{"href":"https:\/\/gau-krumbach.de\/index.php?rest_route=\/wp\/v2\/pages\/141"}],"collection":[{"href":"https:\/\/gau-krumbach.de\/index.php?rest_route=\/wp\/v2\/pages"}],"about":[{"href":"https:\/\/gau-krumbach.de\/index.php?rest_route=\/wp\/v2\/types\/page"}],"author":[{"embeddable":true,"href":"https:\/\/gau-krumbach.de\/index.php?rest_route=\/wp\/v2\/users\/1"}],"replies":[{"embeddable":true,"href":"https:\/\/gau-krumbach.de\/index.php?rest_route=%2Fwp%2Fv2%2Fcomments&post=141"}],"version-history":[{"count":23,"href":"https:\/\/gau-krumbach.de\/index.php?rest_route=\/wp\/v2\/pages\/141\/revisions"}],"predecessor-version":[{"id":2239,"href":"https:\/\/gau-krumbach.de\/index.php?rest_route=\/wp\/v2\/pages\/141\/revisions\/2239"}],"wp:attachment":[{"href":"https:\/\/gau-krumbach.de\/index.php?rest_route=%2Fwp%2Fv2%2Fmedia&parent=141"}],"curies":[{"name":"wp","href":"https:\/\/api.w.org\/{rel}","templated":true}]}}