{"id":140,"date":"2019-11-12T19:45:53","date_gmt":"2019-11-12T18:45:53","guid":{"rendered":"http:\/\/s355038028.online.de\/?page_id=140"},"modified":"2026-04-13T10:36:45","modified_gmt":"2026-04-13T09:36:45","slug":"jugend","status":"publish","type":"page","link":"https:\/\/gau-krumbach.de\/?page_id=140","title":{"rendered":"Jugend"},"content":{"rendered":"\n<p><a href=\"https:\/\/www.bssb.de\/sport\/leistungskader\/nachwuchsfoerderung\">Nachwuchsf\u00f6rderung BSSB<\/a> F\u00f6rderzentrum Balzhausen<\/p>\n\n\n\n<p><a href=\"https:\/\/gau-krumbach.de\/wp-content\/uploads\/Termine-Foerderzentrum-Balzhausen-1.pdf\">Termine F\u00f6rderzentrum<\/a><\/p>\n\n\n\n<p><a href=\"https:\/\/gau-krumbach.de\/wp-content\/uploads\/Antrag_fuer_Ausnahmegenehmigung_Alterserfordernis__1_-2.pdf\">Antrag auf Erteilung einer Ausnahmegenehmigung von der Alterserfordernis<\/a><\/p>\n\n\n\n<p><\/p>\n\n\n\n<p><a href=\"https:\/\/gau-krumbach.de\/wp-content\/uploads\/Anschreiben-Guschu-2026.pdf\"> <strong>Einladung zu Guschu-Open<\/strong><\/a><\/p>\n\n\n\n<p> <a href=\"https:\/\/gau-krumbach.de\/wp-content\/uploads\/Ausschreibung_Sport_Guschu_Open_2026.pdf\">Ausschreibung Guschu Open<\/a><\/p>\n\n\n\n<p><a href=\"https:\/\/gau-krumbach.de\/wp-content\/uploads\/Ausschreibung_Sport_Guschu_Open_Light_2026.pdf\">Ausschreibung Guschu-Open Light<\/a><\/p>\n\n\n\n<p><a href=\"https:\/\/gau-krumbach.de\/wp-content\/uploads\/GO_MYC_Anmeldedatei_2026.xlsx\">Anmeldedatei<\/a><\/p>\n\n\n\n<p style=\"font-size:24px\"><\/p>\n\n\n\n<p>Kadertraining Jugend<\/p>\n\n\n\n<p class=\"has-large-font-size\"><\/p>\n\n\n\n<p><a href=\"https:\/\/gau-krumbach.de\/wp-content\/uploads\/Einladung-Jugendschiessen-2026-1.pdf\">Einladung Gau-Jugend-Preisschie\u00dfen<\/a><\/p>\n\n\n\n<p><a href=\"https:\/\/gau-krumbach.de\/wp-content\/uploads\/Ausschreibung-Jugendpreisschiessen-2026.pdf\">Ausschreibung Gau-Jugendpreisschie\u00dfen 2026<\/a><\/p>\n\n\n\n<p><a href=\"https:\/\/gau-krumbach.de\/wp-content\/uploads\/Jahrgangstabelle2025.pdf\">Jahrgangstabelle<\/a><\/p>\n\n\n\n<p><a href=\"https:\/\/gau-krumbach.de\/wp-content\/uploads\/Siegerliste-2026.pdf\">Siegerliste Gau-Jugendschie\u00dfen\/rundenwettkampf<\/a><\/p>\n\n\n\n<p class=\"has-medium-font-size\">Gau-Jugendrundenwettkampf 2024\/2025<\/p>\n\n\n\n<p><a href=\"https:\/\/gau-krumbach.de\/wp-content\/uploads\/Einladung-Jugendtag-2026-1.pdf\">Einladung Gau-Jugendtag<\/a><\/p>\n\n\n\n<p>Siegerliste Gau-Sommerbiathlon 2024<\/p>\n","protected":false},"excerpt":{"rendered":"<p>Nachwuchsf\u00f6rderung BSSB F\u00f6rderzentrum Balzhausen Termine F\u00f6rderzentrum Antrag auf Erteilung einer Ausnahmegenehmigung von der Alterserfordernis Einladung zu Guschu-Open Ausschreibung Guschu Open Ausschreibung Guschu-Open Light Anmeldedatei Kadertraining Jugend Einladung Gau-Jugend-Preisschie\u00dfen Ausschreibung Gau-Jugendpreisschie\u00dfen 2026 Jahrgangstabelle Siegerliste Gau-Jugendschie\u00dfen\/rundenwettkampf&#46;&#46;&#46;<\/p>\n","protected":false},"author":1,"featured_media":0,"parent":0,"menu_order":0,"comment_status":"closed","ping_status":"closed","template":"","meta":[],"_links":{"self":[{"href":"https:\/\/gau-krumbach.de\/index.php?rest_route=\/wp\/v2\/pages\/140"}],"collection":[{"href":"https:\/\/gau-krumbach.de\/index.php?rest_route=\/wp\/v2\/pages"}],"about":[{"href":"https:\/\/gau-krumbach.de\/index.php?rest_route=\/wp\/v2\/types\/page"}],"author":[{"embeddable":true,"href":"https:\/\/gau-krumbach.de\/index.php?rest_route=\/wp\/v2\/users\/1"}],"replies":[{"embeddable":true,"href":"https:\/\/gau-krumbach.de\/index.php?rest_route=%2Fwp%2Fv2%2Fcomments&post=140"}],"version-history":[{"count":34,"href":"https:\/\/gau-krumbach.de\/index.php?rest_route=\/wp\/v2\/pages\/140\/revisions"}],"predecessor-version":[{"id":2292,"href":"https:\/\/gau-krumbach.de\/index.php?rest_route=\/wp\/v2\/pages\/140\/revisions\/2292"}],"wp:attachment":[{"href":"https:\/\/gau-krumbach.de\/index.php?rest_route=%2Fwp%2Fv2%2Fmedia&parent=140"}],"curies":[{"name":"wp","href":"https:\/\/api.w.org\/{rel}","templated":true}]}}