{"id":133,"date":"2019-11-12T19:45:53","date_gmt":"2019-11-12T18:45:53","guid":{"rendered":"http:\/\/s355038028.online.de\/?page_id=133"},"modified":"2023-12-15T16:05:10","modified_gmt":"2023-12-15T15:05:10","slug":"kontakte","status":"publish","type":"page","link":"https:\/\/gau-krumbach.de\/?page_id=133","title":{"rendered":"Kontakte"},"content":{"rendered":"\n<table style=\"border-collapse: collapse; width: 100%; height: 901px;\">\n<tbody>\n<tr style=\"height: 693px;\">\n<td style=\"width: 33.4978%; height: 693px;\">\n<table class=\" alignleft\" style=\"width: 159.249%; height: 602px;\">\n<tbody>\n<tr style=\"height: 24px;\">\n<td style=\"width: 33.2857%; height: 24px; text-align: left;\"><strong>1. Gausch\u00fctzenmeister<\/strong><\/td>\n<td style=\"width: 23.254%; height: 24px; text-align: left;\"><a href=\"mailto:schuetzenmeister@gau-krumbach.de\">Helmut Konrad<\/a><\/td>\n<\/tr>\n<tr style=\"height: 24px;\">\n<td style=\"width: 33.2857%; height: 24px; text-align: left;\"><strong>2. Gausch\u00fctzenmeister<\/strong><\/td>\n<td style=\"width: 23.254%; height: 24px; text-align: left;\"><a href=\"mailto:schuetzenmeister@gau-krumbach.de\">Christian Kreuzer<\/a><\/td>\n<\/tr>\n<tr style=\"height: 24px;\">\n<td style=\"width: 33.2857%; height: 24px; text-align: left;\"><strong>1. Gausportleiter<\/strong><\/td>\n<td style=\"width: 23.254%; height: 24px; text-align: left;\"><a href=\"mailto:sportleiter@gau-krumbach.de\">Bernhard Fendt<\/a><\/td>\n<\/tr>\n<tr style=\"height: 24px;\">\n<td style=\"width: 33.2857%; height: 24px; text-align: left;\"><strong>Gau-Schatzmeister<\/strong><\/td>\n<td style=\"width: 23.254%; height: 24px; text-align: left;\"><a href=\"mailto:schatzmeister@gau-krumbach.de\">Marion Fendt<\/a><\/td>\n<\/tr>\n<tr style=\"height: 24px;\">\n<td style=\"width: 33.2857%; height: 24px; text-align: left;\"><strong>Gau-Schriftf\u00fchrer<\/strong><\/td>\n<td style=\"width: 23.254%; height: 24px; text-align: left;\"><a href=\"mailto:schriftf\u00fchrer@gau-krumbach.de\">Ursula Kreuzer<\/a><\/td>\n<\/tr>\n<tr style=\"height: 24px;\">\n<td style=\"width: 33.2857%; text-align: left; height: 24px;\"><strong>1. Jugendleiter<\/strong><\/td>\n<td style=\"width: 23.254%; height: 24px; text-align: left;\"><a href=\"mailto:Jugendleiter@gau-krumbach.de\">Annekathrin Zielinski<\/a><\/td>\n<\/tr>\n<tr style=\"height: 24px;\">\n<td style=\"width: 33.2857%; text-align: left; height: 24px;\"><strong>2. Jugendleiter<\/strong><\/td>\n<td style=\"width: 23.254%; height: 24px; text-align: left;\"><a href=\"mailto:Jugendleiter@gau-krumbach.de\">Michaela Kreuzer<\/a><\/td>\n<\/tr>\n<tr style=\"height: 24px;\">\n<td style=\"width: 33.2857%; text-align: left; height: 24px;\"><strong>Gau-Damenleiterin<\/strong><\/td>\n<td style=\"width: 23.254%; height: 24px; text-align: left;\"><a href=\"mailto:damenleiterin@gau-krumbach.de\">Marion Fendt<\/a><\/td>\n<\/tr>\n<tr style=\"height: 24px;\">\n<td style=\"width: 33.2857%; height: 24px; text-align: left;\"><strong>Rundenwettkampfleiter<br \/><\/strong><\/td>\n<td style=\"width: 23.254%; height: 24px; text-align: left;\"><a href=\"mailto:rwk@gau-krumbach.de\">Torsten K\u00fchl<\/a><\/td>\n<\/tr>\n<tr style=\"height: 24px;\">\n<td style=\"width: 33.2857%; height: 24px; text-align: left;\"><strong>Referent Gewehr<\/strong><\/td>\n<td style=\"width: 23.254%; height: 24px; text-align: left;\">\u00a0<\/td>\n<\/tr>\n<tr style=\"height: 24px;\">\n<td style=\"width: 33.2857%; height: 24px; text-align: left;\"><strong>Referent Pistole<\/strong><\/td>\n<td style=\"width: 23.254%; height: 24px; text-align: left;\"><a href=\"mailto:pistole@gau-krumbach.de\">Mathias Wick<\/a><\/td>\n<\/tr>\n<tr style=\"height: 24px;\">\n<td style=\"width: 33.2857%; height: 24px; text-align: left;\"><strong>Referent Bogen<\/strong><\/td>\n<td style=\"width: 23.254%; height: 24px; text-align: left;\"><a href=\"mailto:bogen@gau-krumbach.de\">Raimund Ditz<\/a><\/td>\n<\/tr>\n<tr style=\"height: 24px;\">\n<td style=\"width: 33.2857%; height: 24px; text-align: left;\"><strong>Referent Bogen<\/strong><\/td>\n<td style=\"width: 23.254%; height: 24px; text-align: left;\"><a href=\"mailto:bogen@gau-krumbach.de\">Claudio Fischer<\/a><\/td>\n<\/tr>\n<tr style=\"height: 24px;\">\n<td style=\"width: 33.2857%; height: 24px; text-align: left;\"><strong>Referent Wurfscheibe<br \/><\/strong><\/td>\n<td style=\"width: 23.254%; height: 24px; text-align: left;\"><a href=\"mailto:wurfscheibe@gau-krumbach.de\">Karl-Heinz Peragowics<\/a><\/td>\n<\/tr>\n<tr style=\"height: 24px;\">\n<td style=\"width: 33.2857%; height: 24px; text-align: left;\"><strong>Referent B\u00f6ller<\/strong><\/td>\n<td style=\"width: 23.254%; height: 24px; text-align: left;\"><a href=\"mailto:boeller@gau-krumbach.de\">Anton Wiest<\/a><\/td>\n<\/tr>\n<tr style=\"height: 24px;\">\n<td style=\"width: 33.2857%; height: 24px; text-align: left;\"><strong>Referent Mitglieder<\/strong><\/td>\n<td style=\"width: 23.254%; height: 24px; text-align: left;\"><a href=\"mailto:mitglieder@gau-krumbach.de\">Wolfgang Linderm\u00fcller<\/a><\/td>\n<\/tr>\n<tr style=\"height: 24px;\">\n<td style=\"width: 33.2857%; height: 24px; text-align: left;\"><strong>Referent Vorderlader<\/strong><\/td>\n<td style=\"width: 23.254%; height: 24px; text-align: left;\"><a href=\"mailto:vorderlader@gau-krumbach.de\">Roland Brandl<\/a><\/td>\n<\/tr>\n<tr style=\"height: 24px;\">\n<td style=\"width: 33.2857%; height: 24px; text-align: left;\"><strong>Referent Neue Medien<\/strong><\/td>\n<td style=\"width: 23.254%; height: 24px; text-align: left;\"><a href=\"mailto:webmaster@gau-krumbach.de\">Ludwig Kreuzer<\/a><\/td>\n<\/tr>\n<tr style=\"height: 24px;\">\n<td style=\"width: 33.2857%; height: 24px; text-align: left;\"><strong>Behindertenreferent<br \/><\/strong><\/td>\n<td style=\"width: 23.254%; height: 24px; text-align: left;\"><a href=\"mailto:behinderten@gau-krumbach.de\">Bernhard Fendt<\/a><\/td>\n<\/tr>\n<tr style=\"height: 24px;\">\n<td style=\"width: 33.2857%; height: 24px; text-align: left;\"><strong>Referent Schulung<br \/><\/strong><\/td>\n<td style=\"width: 23.254%; height: 24px; text-align: left;\"><a href=\"mailto:schulung@gau-krumbach.de\">Bernhard Fendt<\/a><\/td>\n<\/tr>\n<tr style=\"height: 24px;\">\n<td style=\"width: 33.2857%; height: 26px; text-align: left;\"><strong>1. Gau-Jugendsprecher<\/strong><\/td>\n<td style=\"width: 23.254%; height: 26px; text-align: left;\">\u00a0<\/td>\n<\/tr>\n<tr style=\"height: 24px;\">\n<td style=\"width: 33.2857%; height: 24px; text-align: left;\"><strong>1.Gau-Jugendsprecherin<\/strong><\/td>\n<td style=\"width: 23.254%; height: 24px; text-align: left;\"><a href=\"mailto:jugendsprecherin@gau-krumbach.de\">Lea Schmid<\/a><\/td>\n<\/tr>\n<tr style=\"height: 24px;\">\n<td style=\"width: 33.2857%; height: 24px; text-align: left;\"><strong>2. Gau-Jugendsprecher<\/strong><\/td>\n<td style=\"width: 23.254%; height: 24px; text-align: left;\">\u00a0<\/td>\n<\/tr>\n<tr style=\"height: 24px;\">\n<td style=\"width: 33.2857%; height: 24px; text-align: left;\"><strong>2. Gau-Jugendsprecherin<\/strong><\/td>\n<td style=\"width: 23.254%; height: 24px; text-align: left;\"><a href=\"mailto:jugendsprecherin@gau-krumbach.de\">Julia Seitz<\/a><\/td>\n<\/tr>\n<tr style=\"height: 24px;\">\n<td style=\"width: 33.2857%; height: 24px; text-align: left;\"><strong>F\u00e4hnerich<br \/><\/strong><\/td>\n<td style=\"width: 23.254%; height: 24px; text-align: left;\"><a href=\"mailto:faehnerich@gau-krumbach.de\">Stefan Kreuzer<\/a><\/td>\n<\/tr>\n<\/tbody>\n<\/table>\n<\/td>\n<td style=\"width: 44.1935%; height: 693px;\">\u00a0<\/td>\n<td style=\"width: 22.4731%; height: 693px;\">\u00a0<\/td>\n<\/tr>\n<tr style=\"height: 24px;\">\n<td style=\"width: 54.4086%; text-align: left; height: 24px;\">\u00a0<\/td>\n<td style=\"width: 44.1935%; height: 24px;\">\u00a0<\/td>\n<td style=\"width: 22.4731%; height: 24px;\">\u00a0<\/td>\n<\/tr>\n<tr style=\"height: 23px;\">\n<td style=\"width: 54.4086%; height: 23px;\">\u00a0<\/td>\n<td style=\"width: 44.1935%; height: 23px;\">\u00a0<\/td>\n<td style=\"width: 22.4731%; height: 23px;\">\u00a0<\/td>\n<\/tr>\n<tr style=\"height: 23px;\">\n<td style=\"width: 54.4086%; height: 23px;\">\u00a0<\/td>\n<td style=\"width: 44.1935%; height: 23px;\">\u00a0<\/td>\n<td style=\"width: 22.4731%; height: 23px;\">\u00a0<\/td>\n<\/tr>\n<tr style=\"height: 23px;\">\n<td style=\"width: 54.4086%; height: 23px;\">\u00a0<\/td>\n<td style=\"width: 44.1935%; height: 23px;\">\u00a0<\/td>\n<td style=\"width: 22.4731%; height: 23px;\">\u00a0<\/td>\n<\/tr>\n<tr style=\"height: 23px;\">\n<td style=\"width: 54.4086%; height: 23px;\">\u00a0<\/td>\n<td style=\"width: 44.1935%; height: 23px;\">\u00a0<\/td>\n<td style=\"width: 22.4731%; height: 23px;\">\u00a0<\/td>\n<\/tr>\n<tr style=\"height: 23px;\">\n<td style=\"width: 54.4086%; height: 23px;\">\u00a0<\/td>\n<td style=\"width: 44.1935%; height: 23px;\">\u00a0<\/td>\n<td style=\"width: 22.4731%; height: 23px;\">\u00a0<\/td>\n<\/tr>\n<tr style=\"height: 23px;\">\n<td style=\"width: 54.4086%; height: 23px;\">\u00a0<\/td>\n<td style=\"width: 44.1935%; height: 23px;\">\u00a0<\/td>\n<td style=\"width: 22.4731%; height: 23px;\">\u00a0<\/td>\n<\/tr>\n<tr style=\"height: 23px;\">\n<td style=\"width: 54.4086%; height: 23px;\">\u00a0<\/td>\n<td style=\"width: 44.1935%; height: 23px;\">\u00a0<\/td>\n<td style=\"width: 22.4731%; height: 23px;\">\u00a0<\/td>\n<\/tr>\n<tr style=\"height: 23px;\">\n<td style=\"width: 54.4086%; height: 23px;\">\u00a0<\/td>\n<td style=\"width: 44.1935%; height: 23px;\">\u00a0<\/td>\n<td style=\"width: 22.4731%; height: 23px;\">\u00a0<\/td>\n<\/tr>\n<\/tbody>\n<\/table>\n","protected":false},"excerpt":{"rendered":"<p>1. Gausch\u00fctzenmeister Helmut Konrad 2. Gausch\u00fctzenmeister Christian Kreuzer 1. Gausportleiter Bernhard Fendt Gau-Schatzmeister Marion Fendt Gau-Schriftf\u00fchrer Ursula Kreuzer 1. Jugendleiter Annekathrin Zielinski 2. Jugendleiter Michaela Kreuzer Gau-Damenleiterin Marion Fendt Rundenwettkampfleiter Torsten K\u00fchl Referent Gewehr&#46;&#46;&#46;<\/p>\n","protected":false},"author":1,"featured_media":0,"parent":0,"menu_order":0,"comment_status":"closed","ping_status":"closed","template":"","meta":[],"_links":{"self":[{"href":"https:\/\/gau-krumbach.de\/index.php?rest_route=\/wp\/v2\/pages\/133"}],"collection":[{"href":"https:\/\/gau-krumbach.de\/index.php?rest_route=\/wp\/v2\/pages"}],"about":[{"href":"https:\/\/gau-krumbach.de\/index.php?rest_route=\/wp\/v2\/types\/page"}],"author":[{"embeddable":true,"href":"https:\/\/gau-krumbach.de\/index.php?rest_route=\/wp\/v2\/users\/1"}],"replies":[{"embeddable":true,"href":"https:\/\/gau-krumbach.de\/index.php?rest_route=%2Fwp%2Fv2%2Fcomments&post=133"}],"version-history":[{"count":27,"href":"https:\/\/gau-krumbach.de\/index.php?rest_route=\/wp\/v2\/pages\/133\/revisions"}],"predecessor-version":[{"id":1542,"href":"https:\/\/gau-krumbach.de\/index.php?rest_route=\/wp\/v2\/pages\/133\/revisions\/1542"}],"wp:attachment":[{"href":"https:\/\/gau-krumbach.de\/index.php?rest_route=%2Fwp%2Fv2%2Fmedia&parent=133"}],"curies":[{"name":"wp","href":"https:\/\/api.w.org\/{rel}","templated":true}]}}